{"id":1087,"date":"2014-11-11T11:14:05","date_gmt":"2014-11-11T11:14:05","guid":{"rendered":"http:\/\/anpsthemes.com\/constructo\/?page_id=11"},"modified":"2021-07-05T21:58:10","modified_gmt":"2021-07-05T19:58:10","slug":"about-us","status":"publish","type":"page","link":"https:\/\/phenixmaritimecorp.com\/fr\/about-us\/","title":{"rendered":"A PROPOS"},"content":{"rendered":"<div class=\"vc_row wpb_row vc_row-fluid vc_custom_1625048499792\"><div class=\"wpb_column vc_column_container vc_col-sm-12\"><div class=\"vc_column-inner\"><div class=\"wpb_wrapper\">\n\t<div  class=\"wpb_single_image wpb_content_element vc_align_center\">\n\t\t\n\t\t<figure class=\"wpb_wrapper vc_figure\">\n\t\t\t<div class=\"vc_single_image-wrapper   vc_box_border_grey\"><img loading=\"lazy\" decoding=\"async\" width=\"1388\" height=\"649\" src=\"https:\/\/phenixmaritimecorp.com\/wp-content\/uploads\/2021\/06\/9.jpg\" class=\"vc_single_image-img attachment-full\" alt=\"\" srcset=\"https:\/\/phenixmaritimecorp.com\/wp-content\/uploads\/2021\/06\/9.jpg 1388w, https:\/\/phenixmaritimecorp.com\/wp-content\/uploads\/2021\/06\/9-300x140.jpg 300w, https:\/\/phenixmaritimecorp.com\/wp-content\/uploads\/2021\/06\/9-1024x479.jpg 1024w, https:\/\/phenixmaritimecorp.com\/wp-content\/uploads\/2021\/06\/9-768x359.jpg 768w, https:\/\/phenixmaritimecorp.com\/wp-content\/uploads\/2021\/06\/9-370x173.jpg 370w, https:\/\/phenixmaritimecorp.com\/wp-content\/uploads\/2021\/06\/9-1200x561.jpg 1200w, https:\/\/phenixmaritimecorp.com\/wp-content\/uploads\/2021\/06\/9-360x168.jpg 360w, https:\/\/phenixmaritimecorp.com\/wp-content\/uploads\/2021\/06\/9-600x281.jpg 600w\" sizes=\"auto, (max-width: 1388px) 100vw, 1388px\" \/><\/div>\n\t\t<\/figure>\n\t<\/div>\n<\/div><\/div><\/div><\/div><div class=\"vc_row wpb_row vc_row-fluid vc_custom_1625047901911\"><div class=\"wpb_column vc_column_container vc_col-sm-12\"><div class=\"vc_column-inner\"><div class=\"wpb_wrapper\"><div class=\"vc_row wpb_row vc_inner vc_row-fluid\"><div class=\"wpb_column vc_column_container vc_col-sm-6\"><div class=\"vc_column-inner\"><div class=\"wpb_wrapper\">\n\t<div class=\"wpb_text_column wpb_content_element\" >\n\t\t<div class=\"wpb_wrapper\">\n\t\t\t<p style=\"font-size: 16px;\">Phenix Maritime Corporation, PMC est g\u00e9r\u00e9e par des marins exp\u00e9riment\u00e9s offrant un service et une strat\u00e9gie compl\u00e8tes d'agence maritime ainsi qu'une large gamme de solutions maritimes pour les propri\u00e9taires, les gestionnaires et les affr\u00e9teurs. Le point le plus important sur lequel nous nous concentrons est de savoir comment servir les navires, les propri\u00e9taires et les op\u00e9rateurs avec des services excellents et efficaces.<\/p>\n<p style=\"font-size: 16px;\">Nous proposons des services d'agence maritime\/portuaire au PORT D'ABIDJAN ET \u00c0 SAN PEDRO en C\u00f4te d'ivoire pour une grande vari\u00e9t\u00e9 de navires, y compris des navires GNL complexes, des solutions GNL-to-power, des transporteurs de GPL et des chimiquiers, des VLCC, Suezmax, Aframax, LR2, LR1 et les p\u00e9troliers MR, Car Carriers, porte-conteneurs de 2 000 \u00e0 20 000 EVP et les vraquiers Cape, Kamsarmax, Panamax, Handymax et Handysize.<\/p>\n\n\t\t<\/div>\n\t<\/div>\n<\/div><\/div><\/div><div class=\"wpb_column vc_column_container vc_col-sm-6\"><div class=\"vc_column-inner\"><div class=\"wpb_wrapper\">\n\t<div class=\"wpb_text_column wpb_content_element\" >\n\t\t<div class=\"wpb_wrapper\">\n\t\t\t<p style=\"font-size: 16px;\">En tant qu'agence maritime de premier plan, PMC fournit des solutions maritimes de bout en bout avec des services sur mesure avec pr\u00e9cision et expertise, o\u00f9 une grande expertise technique et un portefeuille de produits diversifi\u00e9 cr\u00e9ent une efficacit\u00e9, une productivit\u00e9 et une exp\u00e9rience cliente optimale.<\/p>\n<p style=\"font-size: 16px;\">PMC is financially secured and prepared to invest her services now and in future for keeping customers always satisfied.We are building a long term strategy relationships with our clients. This allow us gain a fundamental understanding of our clients\u2019 requirements, combined with an in-depth knowledge of maritime industry, we are able to develop integratedsolutions that are focused on maximizing efficiency within operations, improving both business performance and profitability.<\/p>\n\n\t\t<\/div>\n\t<\/div>\n<\/div><\/div><\/div><\/div><div class=\"vc_row wpb_row vc_inner vc_row-fluid vc_custom_1625048196806\"><div class=\"wpb_column vc_column_container vc_col-sm-3\"><div class=\"vc_column-inner\"><div class=\"wpb_wrapper\"><\/div><\/div><\/div><div class=\"wpb_column vc_column_container vc_col-sm-6\"><div class=\"vc_column-inner\"><div class=\"wpb_wrapper\">\n\t<div class=\"wpb_text_column wpb_content_element\" >\n\t\t<div class=\"wpb_wrapper\">\n\t\t\t<blockquote>\n<p style=\"text-align: center; font-size: 16px;\"><strong>Forts d'une solide exp\u00e9rience des march\u00e9s ouest-africains, nous visons \u00e0 d\u00e9velopper notre r\u00e9seau dans ce domaine tr\u00e8s prometteur, afin d'offrir \u00e0 nos donneurs d'ordre les services les plus fiables, efficaces et comp\u00e9titifs.<\/strong><\/p>\n<\/blockquote>\n\n\t\t<\/div>\n\t<\/div>\n<\/div><\/div><\/div><div class=\"wpb_column vc_column_container vc_col-sm-3\"><div class=\"vc_column-inner\"><div class=\"wpb_wrapper\"><\/div><\/div><\/div><\/div><\/div><\/div><\/div><\/div><div data-vc-parallax=\"5\" data-vc-parallax-o-fade=\"on\" data-vc-parallax-image=\"https:\/\/phenixmaritimecorp.com\/wp-content\/uploads\/2021\/06\/shipping-agency-agence-transport-maritime-abidjan-cotedivoire.jpg\" class=\"vc_row wpb_row vc_row-fluid vc_custom_1625126258121 vc_row-has-fill vc_row-o-content-middle vc_row-flex vc_general vc_parallax vc_parallax-content-moving-fade js-vc_parallax-o-fade\"><div class=\"wpb_column vc_column_container vc_col-sm-12\"><div class=\"vc_column-inner\"><div class=\"wpb_wrapper\"><\/div><\/div><\/div><\/div><div class=\"vc_row wpb_row vc_row-fluid\"><div class=\"wpb_column vc_column_container vc_col-sm-6\"><div class=\"vc_column-inner\"><div class=\"wpb_wrapper\">\n\t<div class=\"wpb_text_column wpb_content_element\" >\n\t\t<div class=\"wpb_wrapper\">\n\t\t\t<h4>NOTRE MISSION :<\/h4>\n<p style=\"font-size: 16px;\">Notre mission est d'offrir des services haut de gamme dans le domaine de l'agence maritime, du transport international et de l'exp\u00e9dition de fret de la C\u00f4te d'Ivoire et de la sous-r\u00e9gion ouest-africaine vers le monde entier.<\/p>\n\n\t\t<\/div>\n\t<\/div>\n<\/div><\/div><\/div><div class=\"wpb_column vc_column_container vc_col-sm-6\"><div class=\"vc_column-inner\"><div class=\"wpb_wrapper\">\n\t<div class=\"wpb_text_column wpb_content_element\" >\n\t\t<div class=\"wpb_wrapper\">\n\t\t\t<h4>NOTRE VISION :<\/h4>\n<p style=\"font-size: 16px;\">Notre vision envisage la reconnaissance de la pr\u00e9sence physique de notre entreprise en Afrique et d'\u00eatre compt\u00e9 parmi les meilleurs AGENTS SHIP sur le continent.<\/p>\n\n\t\t<\/div>\n\t<\/div>\n<\/div><\/div><\/div><\/div><div class=\"vc_row wpb_row vc_row-fluid vc_custom_1625515054149\"><div class=\"wpb_column vc_column_container vc_col-sm-12\"><div class=\"vc_column-inner\"><div class=\"wpb_wrapper\">\n\t<div class=\"wpb_text_column wpb_content_element\" >\n\t\t<div class=\"wpb_wrapper\">\n\t\t\t<p style=\"text-align: center; font-size: 16px;\">R\u00e9affirmant les valeurs fondamentales de notre entreprise, <strong>PMC<\/strong> s'engage \u00e0 fournir des services d'agence maritime\/portuaire fiables et de qualit\u00e9 \u00e0 nos chers propri\u00e9taires, affr\u00e9teurs et gestionnaires. Ceci, selon nous, devrait propulser notre entreprise \u00e0 moyen terme pour se positionner parmi les meilleurs d'Afrique.<\/p>\n\n\t\t<\/div>\n\t<\/div>\n<\/div><\/div><\/div><\/div>","protected":false},"excerpt":{"rendered":"Phenix Maritime Corporation PMC is managed by experienced Mariners offering comprehensive Ship Agency Service and strategy along with wide range of maritime Solutions for Owners, Managers and Charterers. The most important point we focus on, is how to serve ships...","protected":false},"author":1,"featured_media":0,"parent":0,"menu_order":0,"comment_status":"open","ping_status":"open","template":"","meta":{"footnotes":""},"class_list":["post-1087","page","type-page","status-publish","hentry"],"_links":{"self":[{"href":"https:\/\/phenixmaritimecorp.com\/fr\/wp-json\/wp\/v2\/pages\/1087","targetHints":{"allow":["GET"]}}],"collection":[{"href":"https:\/\/phenixmaritimecorp.com\/fr\/wp-json\/wp\/v2\/pages"}],"about":[{"href":"https:\/\/phenixmaritimecorp.com\/fr\/wp-json\/wp\/v2\/types\/page"}],"author":[{"embeddable":true,"href":"https:\/\/phenixmaritimecorp.com\/fr\/wp-json\/wp\/v2\/users\/1"}],"replies":[{"embeddable":true,"href":"https:\/\/phenixmaritimecorp.com\/fr\/wp-json\/wp\/v2\/comments?post=1087"}],"version-history":[{"count":14,"href":"https:\/\/phenixmaritimecorp.com\/fr\/wp-json\/wp\/v2\/pages\/1087\/revisions"}],"predecessor-version":[{"id":1296,"href":"https:\/\/phenixmaritimecorp.com\/fr\/wp-json\/wp\/v2\/pages\/1087\/revisions\/1296"}],"wp:attachment":[{"href":"https:\/\/phenixmaritimecorp.com\/fr\/wp-json\/wp\/v2\/media?parent=1087"}],"curies":[{"name":"wp","href":"https:\/\/api.w.org\/{rel}","templated":true}]}}