{"id":1232,"date":"2021-07-01T10:30:11","date_gmt":"2021-07-01T08:30:11","guid":{"rendered":"https:\/\/phenixmaritimecorp.com\/new\/?page_id=1232"},"modified":"2023-01-18T09:00:59","modified_gmt":"2023-01-18T08:00:59","slug":"husbandry-services","status":"publish","type":"page","link":"https:\/\/phenixmaritimecorp.com\/fr\/husbandry-services\/","title":{"rendered":"HUSBANDRY SERVICES"},"content":{"rendered":"<div class=\"vc_row wpb_row vc_row-fluid vc_custom_1625127073806\"><div class=\"wpb_column vc_column_container vc_col-sm-12\"><div class=\"vc_column-inner\"><div class=\"wpb_wrapper\">\n\t<div  class=\"wpb_single_image wpb_content_element vc_align_center\">\n\t\t\n\t\t<figure class=\"wpb_wrapper vc_figure\">\n\t\t\t<div class=\"vc_single_image-wrapper   vc_box_border_grey\"><img loading=\"lazy\" decoding=\"async\" class=\"vc_single_image-img\" src=\"https:\/\/phenixmaritimecorp.com\/wp-content\/uploads\/2021\/07\/2-800x400.jpg\" width=\"800\" height=\"400\" alt=\"2\" title=\"2\" \/><\/div>\n\t\t<\/figure>\n\t<\/div>\n<\/div><\/div><\/div><\/div><div class=\"vc_row wpb_row vc_row-fluid vc_custom_1418308873677\"><div class=\"wpb_column vc_column_container vc_col-sm-12\"><div class=\"vc_column-inner\"><div class=\"wpb_wrapper\"><div class=\"vc_empty_space\"   style=\"height: 10px\"><span class=\"vc_empty_space_inner\"><\/span><\/div>\n\t<div class=\"wpb_text_column wpb_content_element\" >\n\t\t<div class=\"wpb_wrapper\">\n\t\t\t<p style=\"text-align: left;\"><strong>PMC utilise son expertise et ses r\u00e9seaux \u00e9tendus pour vous assister lors de vos escales au port d'Abidjan \/ San Pedro. <\/strong><\/p>\n<p style=\"text-align: left;\">Notre \u00e9quipe de mariage d\u00e9di\u00e9e est en mesure de fournir une gamme compl\u00e8te de services dans les ports d'Abidjan et de San Pedro. Notre gamme de services comprend :<\/p>\n<ul>\n<li style=\"text-align: left;\">Pr\u00e9sence de l'\u00e9quipage au port et \u00e0 l'a\u00e9roport (LOI, OK pour embarquer, VISA, accueil et salutation)<\/li>\n<li style=\"text-align: left;\">D\u00e9douanement des objets port\u00e9s \u00e0 la main<\/li>\n<li style=\"text-align: left;\">Visas pour les repr\u00e9sentants \u00e0 terre expatri\u00e9s, permis de travail<\/li>\n<li style=\"text-align: left;\">Billetterie et r\u00e9servation h\u00f4tel\/vol<\/li>\n<li style=\"text-align: left;\">H\u00e9bergement \u00e0 l'h\u00f4tel selon votre budget<\/li>\n<li style=\"text-align: left;\">Services de transport local avec des v\u00e9hicules \u00e0 vous et lou\u00e9s<\/li>\n<li style=\"text-align: left;\">Transfert vers vos navires au port, ou mouillage par chaloupe<\/li>\n<li style=\"text-align: left;\">Cartes SIM, t\u00e9l\u00e9phones portables, modem internet<\/li>\n<li style=\"text-align: left;\">Assistance m\u00e9dicale en h\u00e9licopt\u00e8re, h\u00f4pital et \u00e9quipage<\/li>\n<li style=\"text-align: left;\">Service d'escorte<\/li>\n<li style=\"text-align: left;\">Location de bureaux<\/li>\n<li style=\"text-align: left;\">Location de voiture<\/li>\n<li style=\"text-align: left;\">Solutions d'\u00e9quipage et de personnel<\/li>\n<\/ul>\n\n\t\t<\/div>\n\t<\/div>\n<div class=\"vc_empty_space\"   style=\"height: 50px\"><span class=\"vc_empty_space_inner\"><\/span><\/div><\/div><\/div><\/div><\/div>","protected":false},"excerpt":{"rendered":"PMC uses its expertise and extensive networks to assist you during your Abidjan port \/San Pedro calls. Our dedicated husbandry team is able to provide a full range of services in the ports of Abidjan and San Pedro. Our range...","protected":false},"author":1,"featured_media":0,"parent":0,"menu_order":0,"comment_status":"closed","ping_status":"closed","template":"","meta":{"footnotes":""},"class_list":["post-1232","page","type-page","status-publish","hentry"],"_links":{"self":[{"href":"https:\/\/phenixmaritimecorp.com\/fr\/wp-json\/wp\/v2\/pages\/1232","targetHints":{"allow":["GET"]}}],"collection":[{"href":"https:\/\/phenixmaritimecorp.com\/fr\/wp-json\/wp\/v2\/pages"}],"about":[{"href":"https:\/\/phenixmaritimecorp.com\/fr\/wp-json\/wp\/v2\/types\/page"}],"author":[{"embeddable":true,"href":"https:\/\/phenixmaritimecorp.com\/fr\/wp-json\/wp\/v2\/users\/1"}],"replies":[{"embeddable":true,"href":"https:\/\/phenixmaritimecorp.com\/fr\/wp-json\/wp\/v2\/comments?post=1232"}],"version-history":[{"count":3,"href":"https:\/\/phenixmaritimecorp.com\/fr\/wp-json\/wp\/v2\/pages\/1232\/revisions"}],"predecessor-version":[{"id":1471,"href":"https:\/\/phenixmaritimecorp.com\/fr\/wp-json\/wp\/v2\/pages\/1232\/revisions\/1471"}],"wp:attachment":[{"href":"https:\/\/phenixmaritimecorp.com\/fr\/wp-json\/wp\/v2\/media?parent=1232"}],"curies":[{"name":"wp","href":"https:\/\/api.w.org\/{rel}","templated":true}]}}