{"id":1236,"date":"2021-07-01T10:32:19","date_gmt":"2021-07-01T08:32:19","guid":{"rendered":"https:\/\/phenixmaritimecorp.com\/new\/?page_id=1236"},"modified":"2021-07-01T10:32:19","modified_gmt":"2021-07-01T08:32:19","slug":"cash-to-master-ctm","status":"publish","type":"page","link":"https:\/\/phenixmaritimecorp.com\/fr\/cash-to-master-ctm\/","title":{"rendered":"CASH TO MASTER CTM"},"content":{"rendered":"<div class=\"vc_row wpb_row vc_row-fluid vc_custom_1625127073806\"><div class=\"wpb_column vc_column_container vc_col-sm-12\"><div class=\"vc_column-inner\"><div class=\"wpb_wrapper\">\n\t<div  class=\"wpb_single_image wpb_content_element vc_align_center\">\n\t\t\n\t\t<figure class=\"wpb_wrapper vc_figure\">\n\t\t\t<div class=\"vc_single_image-wrapper   vc_box_border_grey\"><img loading=\"lazy\" decoding=\"async\" class=\"vc_single_image-img\" src=\"https:\/\/phenixmaritimecorp.com\/wp-content\/uploads\/2021\/07\/3-775x400.jpg\" width=\"775\" height=\"400\" alt=\"3\" title=\"3\" \/><\/div>\n\t\t<\/figure>\n\t<\/div>\n<\/div><\/div><\/div><\/div><div class=\"vc_row wpb_row vc_row-fluid vc_custom_1418308873677\"><div class=\"wpb_column vc_column_container vc_col-sm-12\"><div class=\"vc_column-inner\"><div class=\"wpb_wrapper\"><div class=\"vc_empty_space\"   style=\"height: 10px\"><span class=\"vc_empty_space_inner\"><\/span><\/div>\n\t<div class=\"wpb_text_column wpb_content_element\" >\n\t\t<div class=\"wpb_wrapper\">\n\t\t\t<p style=\"text-align: center;\">Soyez assur\u00e9 que tous les paiements \u00e0 votre capitaine et \u00e0 votre \u00e9quipage sont trait\u00e9s de mani\u00e8re professionnelle avec l'aide des services de s\u00e9curit\u00e9 si n\u00e9cessaire. Vos fonds sont en s\u00e9curit\u00e9 chez nous.<\/p>\n\n\t\t<\/div>\n\t<\/div>\n<div class=\"vc_empty_space\"   style=\"height: 50px\"><span class=\"vc_empty_space_inner\"><\/span><\/div><\/div><\/div><\/div><\/div>","protected":false},"excerpt":{"rendered":"Soyez assur\u00e9 que tous les paiements \u00e0 votre capitaine et \u00e0 votre \u00e9quipage sont trait\u00e9s de mani\u00e8re professionnelle avec l'aide des services de s\u00e9curit\u00e9 si n\u00e9cessaire. Vos fonds sont en s\u00e9curit\u00e9 chez nous.","protected":false},"author":1,"featured_media":0,"parent":0,"menu_order":0,"comment_status":"closed","ping_status":"closed","template":"","meta":{"footnotes":""},"class_list":["post-1236","page","type-page","status-publish","hentry"],"_links":{"self":[{"href":"https:\/\/phenixmaritimecorp.com\/fr\/wp-json\/wp\/v2\/pages\/1236","targetHints":{"allow":["GET"]}}],"collection":[{"href":"https:\/\/phenixmaritimecorp.com\/fr\/wp-json\/wp\/v2\/pages"}],"about":[{"href":"https:\/\/phenixmaritimecorp.com\/fr\/wp-json\/wp\/v2\/types\/page"}],"author":[{"embeddable":true,"href":"https:\/\/phenixmaritimecorp.com\/fr\/wp-json\/wp\/v2\/users\/1"}],"replies":[{"embeddable":true,"href":"https:\/\/phenixmaritimecorp.com\/fr\/wp-json\/wp\/v2\/comments?post=1236"}],"version-history":[{"count":1,"href":"https:\/\/phenixmaritimecorp.com\/fr\/wp-json\/wp\/v2\/pages\/1236\/revisions"}],"predecessor-version":[{"id":1237,"href":"https:\/\/phenixmaritimecorp.com\/fr\/wp-json\/wp\/v2\/pages\/1236\/revisions\/1237"}],"wp:attachment":[{"href":"https:\/\/phenixmaritimecorp.com\/fr\/wp-json\/wp\/v2\/media?parent=1236"}],"curies":[{"name":"wp","href":"https:\/\/api.w.org\/{rel}","templated":true}]}}