{"id":1238,"date":"2021-07-01T10:33:29","date_gmt":"2021-07-01T08:33:29","guid":{"rendered":"https:\/\/phenixmaritimecorp.com\/new\/?page_id=1238"},"modified":"2021-07-01T10:33:29","modified_gmt":"2021-07-01T08:33:29","slug":"crew-change-assistance","status":"publish","type":"page","link":"https:\/\/phenixmaritimecorp.com\/fr\/crew-change-assistance\/","title":{"rendered":"AIDE AU CHANGEMENT D'\u00c9QUIPAGE"},"content":{"rendered":"<div class=\"vc_row wpb_row vc_row-fluid vc_custom_1625127073806\"><div class=\"wpb_column vc_column_container vc_col-sm-12\"><div class=\"vc_column-inner\"><div class=\"wpb_wrapper\">\n\t<div  class=\"wpb_single_image wpb_content_element vc_align_center\">\n\t\t\n\t\t<figure class=\"wpb_wrapper vc_figure\">\n\t\t\t<div class=\"vc_single_image-wrapper   vc_box_border_grey\"><img loading=\"lazy\" decoding=\"async\" class=\"vc_single_image-img\" src=\"https:\/\/phenixmaritimecorp.com\/wp-content\/uploads\/2021\/07\/4-1024x400.jpg\" width=\"1024\" height=\"400\" alt=\"4\" title=\"4\" \/><\/div>\n\t\t<\/figure>\n\t<\/div>\n<\/div><\/div><\/div><\/div><div class=\"vc_row wpb_row vc_row-fluid vc_custom_1418308873677\"><div class=\"wpb_column vc_column_container vc_col-sm-12\"><div class=\"vc_column-inner\"><div class=\"wpb_wrapper\"><div class=\"vc_empty_space\"   style=\"height: 10px\"><span class=\"vc_empty_space_inner\"><\/span><\/div>\n\t<div class=\"wpb_text_column wpb_content_element\" >\n\t\t<div class=\"wpb_wrapper\">\n\t\t\t<p style=\"text-align: center;\">Avec des volumes sans pr\u00e9c\u00e9dent trait\u00e9s, nous sommes en mesure d'offrir non seulement des frais d'agence attractifs, mais \u00e9galement des \u00e9conomies significatives gr\u00e2ce \u00e0 nos services d'h\u00e9bergement, de transport et de location de diners.<\/p>\n\n\t\t<\/div>\n\t<\/div>\n<div class=\"vc_empty_space\"   style=\"height: 50px\"><span class=\"vc_empty_space_inner\"><\/span><\/div><\/div><\/div><\/div><\/div>","protected":false},"excerpt":{"rendered":"Avec des volumes sans pr\u00e9c\u00e9dent trait\u00e9s, nous sommes en mesure d'offrir non seulement des frais d'agence attractifs, mais \u00e9galement des \u00e9conomies significatives gr\u00e2ce \u00e0 nos services d'h\u00e9bergement, de transport et de location de diners.","protected":false},"author":1,"featured_media":0,"parent":0,"menu_order":0,"comment_status":"closed","ping_status":"closed","template":"","meta":{"footnotes":""},"class_list":["post-1238","page","type-page","status-publish","hentry"],"_links":{"self":[{"href":"https:\/\/phenixmaritimecorp.com\/fr\/wp-json\/wp\/v2\/pages\/1238","targetHints":{"allow":["GET"]}}],"collection":[{"href":"https:\/\/phenixmaritimecorp.com\/fr\/wp-json\/wp\/v2\/pages"}],"about":[{"href":"https:\/\/phenixmaritimecorp.com\/fr\/wp-json\/wp\/v2\/types\/page"}],"author":[{"embeddable":true,"href":"https:\/\/phenixmaritimecorp.com\/fr\/wp-json\/wp\/v2\/users\/1"}],"replies":[{"embeddable":true,"href":"https:\/\/phenixmaritimecorp.com\/fr\/wp-json\/wp\/v2\/comments?post=1238"}],"version-history":[{"count":1,"href":"https:\/\/phenixmaritimecorp.com\/fr\/wp-json\/wp\/v2\/pages\/1238\/revisions"}],"predecessor-version":[{"id":1239,"href":"https:\/\/phenixmaritimecorp.com\/fr\/wp-json\/wp\/v2\/pages\/1238\/revisions\/1239"}],"wp:attachment":[{"href":"https:\/\/phenixmaritimecorp.com\/fr\/wp-json\/wp\/v2\/media?parent=1238"}],"curies":[{"name":"wp","href":"https:\/\/api.w.org\/{rel}","templated":true}]}}