{"id":1240,"date":"2021-07-01T10:34:28","date_gmt":"2021-07-01T08:34:28","guid":{"rendered":"https:\/\/phenixmaritimecorp.com\/new\/?page_id=1240"},"modified":"2021-07-01T10:34:28","modified_gmt":"2021-07-01T08:34:28","slug":"crew-medical-assistance","status":"publish","type":"page","link":"https:\/\/phenixmaritimecorp.com\/fr\/crew-medical-assistance\/","title":{"rendered":"ASSISTANCE M\u00c9DICALE \u00c0 L'\u00c9QUIPAGE"},"content":{"rendered":"<div class=\"vc_row wpb_row vc_row-fluid vc_custom_1625127073806\"><div class=\"wpb_column vc_column_container vc_col-sm-12\"><div class=\"vc_column-inner\"><div class=\"wpb_wrapper\">\n\t<div  class=\"wpb_single_image wpb_content_element vc_align_center\">\n\t\t\n\t\t<figure class=\"wpb_wrapper vc_figure\">\n\t\t\t<div class=\"vc_single_image-wrapper   vc_box_border_grey\"><img loading=\"lazy\" decoding=\"async\" class=\"vc_single_image-img\" src=\"https:\/\/phenixmaritimecorp.com\/wp-content\/uploads\/2021\/07\/5-759x400.jpg\" width=\"759\" height=\"400\" alt=\"5\" title=\"5\" \/><\/div>\n\t\t<\/figure>\n\t<\/div>\n<\/div><\/div><\/div><\/div><div class=\"vc_row wpb_row vc_row-fluid vc_custom_1418308873677\"><div class=\"wpb_column vc_column_container vc_col-sm-12\"><div class=\"vc_column-inner\"><div class=\"wpb_wrapper\"><div class=\"vc_empty_space\"   style=\"height: 10px\"><span class=\"vc_empty_space_inner\"><\/span><\/div>\n\t<div class=\"wpb_text_column wpb_content_element\" >\n\t\t<div class=\"wpb_wrapper\">\n\t\t\t<p style=\"text-align: center;\">PMC fournit une assistance m\u00e9dicale aux membres d'\u00e9quipage bless\u00e9s en les transportant vers des h\u00f4pitaux (ou) des cliniques, en suivant leur \u00e9tat de sant\u00e9, en recueillant des rapports pertinents pour tenir les propri\u00e9taires\/gestionnaires de navires pleinement inform\u00e9s de l'\u00e9tat actuel, puis pour prendre les mesures appropri\u00e9es.<\/p>\n<p style=\"text-align: center;\">En outre, nous pouvons organiser toutes les formalit\u00e9s en vue d'assurer le retour en toute s\u00e9curit\u00e9 des membres d'\u00e9quipage soit \u00e0 bord soit le rapatriement dans leur pays d'origine.<\/p>\n\n\t\t<\/div>\n\t<\/div>\n<div class=\"vc_empty_space\"   style=\"height: 50px\"><span class=\"vc_empty_space_inner\"><\/span><\/div><\/div><\/div><\/div><\/div>","protected":false},"excerpt":{"rendered":"PMC providing medical assistance to injured crew members by conveying them to hospitals(or) clinics, following up their health condition, collecting relevant reports for keeping ship owners\/managers fully informed with the current condition, Then to take the proper course of action....","protected":false},"author":1,"featured_media":0,"parent":0,"menu_order":0,"comment_status":"closed","ping_status":"closed","template":"","meta":{"footnotes":""},"class_list":["post-1240","page","type-page","status-publish","hentry"],"_links":{"self":[{"href":"https:\/\/phenixmaritimecorp.com\/fr\/wp-json\/wp\/v2\/pages\/1240","targetHints":{"allow":["GET"]}}],"collection":[{"href":"https:\/\/phenixmaritimecorp.com\/fr\/wp-json\/wp\/v2\/pages"}],"about":[{"href":"https:\/\/phenixmaritimecorp.com\/fr\/wp-json\/wp\/v2\/types\/page"}],"author":[{"embeddable":true,"href":"https:\/\/phenixmaritimecorp.com\/fr\/wp-json\/wp\/v2\/users\/1"}],"replies":[{"embeddable":true,"href":"https:\/\/phenixmaritimecorp.com\/fr\/wp-json\/wp\/v2\/comments?post=1240"}],"version-history":[{"count":1,"href":"https:\/\/phenixmaritimecorp.com\/fr\/wp-json\/wp\/v2\/pages\/1240\/revisions"}],"predecessor-version":[{"id":1241,"href":"https:\/\/phenixmaritimecorp.com\/fr\/wp-json\/wp\/v2\/pages\/1240\/revisions\/1241"}],"wp:attachment":[{"href":"https:\/\/phenixmaritimecorp.com\/fr\/wp-json\/wp\/v2\/media?parent=1240"}],"curies":[{"name":"wp","href":"https:\/\/api.w.org\/{rel}","templated":true}]}}