{"id":1242,"date":"2021-07-01T10:35:34","date_gmt":"2021-07-01T08:35:34","guid":{"rendered":"https:\/\/phenixmaritimecorp.com\/new\/?page_id=1242"},"modified":"2021-07-01T10:35:34","modified_gmt":"2021-07-01T08:35:34","slug":"24-7-spare-parts-coordination","status":"publish","type":"page","link":"https:\/\/phenixmaritimecorp.com\/fr\/24-7-spare-parts-coordination\/","title":{"rendered":"COORDINATION DES PI\u00c8CES DE RECHANGE 24\/7"},"content":{"rendered":"<div class=\"vc_row wpb_row vc_row-fluid vc_custom_1625127073806\"><div class=\"wpb_column vc_column_container vc_col-sm-12\"><div class=\"vc_column-inner\"><div class=\"wpb_wrapper\">\n\t<div  class=\"wpb_single_image wpb_content_element vc_align_center\">\n\t\t\n\t\t<figure class=\"wpb_wrapper vc_figure\">\n\t\t\t<div class=\"vc_single_image-wrapper   vc_box_border_grey\"><img loading=\"lazy\" decoding=\"async\" class=\"vc_single_image-img\" src=\"https:\/\/phenixmaritimecorp.com\/wp-content\/uploads\/2021\/07\/6.jpg\" width=\"512\" height=\"384\" alt=\"6\" title=\"6\" \/><\/div>\n\t\t<\/figure>\n\t<\/div>\n<\/div><\/div><\/div><\/div><div class=\"vc_row wpb_row vc_row-fluid vc_custom_1418308873677\"><div class=\"wpb_column vc_column_container vc_col-sm-12\"><div class=\"vc_column-inner\"><div class=\"wpb_wrapper\"><div class=\"vc_empty_space\"   style=\"height: 10px\"><span class=\"vc_empty_space_inner\"><\/span><\/div>\n\t<div class=\"wpb_text_column wpb_content_element\" >\n\t\t<div class=\"wpb_wrapper\">\n\t\t\t<p style=\"text-align: center;\">Gr\u00e2ce \u00e0 notre empreinte unique en Afrique de l'Ouest, nous sommes en mesure de coordonner et de transporter en toute s\u00e9curit\u00e9 la livraison du dernier kilom\u00e8tre. Notre personnel exp\u00e9riment\u00e9 est \u00e9galement bien vers\u00e9 dans toutes les questions douani\u00e8res.<\/p>\n\n\t\t<\/div>\n\t<\/div>\n<div class=\"vc_empty_space\"   style=\"height: 50px\"><span class=\"vc_empty_space_inner\"><\/span><\/div><\/div><\/div><\/div><\/div>","protected":false},"excerpt":{"rendered":"Gr\u00e2ce \u00e0 notre empreinte unique en Afrique de l'Ouest, nous sommes en mesure de coordonner et de transporter en toute s\u00e9curit\u00e9 la livraison du dernier kilom\u00e8tre. Notre personnel exp\u00e9riment\u00e9 est \u00e9galement bien vers\u00e9 dans toutes les questions douani\u00e8res.","protected":false},"author":1,"featured_media":0,"parent":0,"menu_order":0,"comment_status":"closed","ping_status":"closed","template":"","meta":{"footnotes":""},"class_list":["post-1242","page","type-page","status-publish","hentry"],"_links":{"self":[{"href":"https:\/\/phenixmaritimecorp.com\/fr\/wp-json\/wp\/v2\/pages\/1242","targetHints":{"allow":["GET"]}}],"collection":[{"href":"https:\/\/phenixmaritimecorp.com\/fr\/wp-json\/wp\/v2\/pages"}],"about":[{"href":"https:\/\/phenixmaritimecorp.com\/fr\/wp-json\/wp\/v2\/types\/page"}],"author":[{"embeddable":true,"href":"https:\/\/phenixmaritimecorp.com\/fr\/wp-json\/wp\/v2\/users\/1"}],"replies":[{"embeddable":true,"href":"https:\/\/phenixmaritimecorp.com\/fr\/wp-json\/wp\/v2\/comments?post=1242"}],"version-history":[{"count":1,"href":"https:\/\/phenixmaritimecorp.com\/fr\/wp-json\/wp\/v2\/pages\/1242\/revisions"}],"predecessor-version":[{"id":1243,"href":"https:\/\/phenixmaritimecorp.com\/fr\/wp-json\/wp\/v2\/pages\/1242\/revisions\/1243"}],"wp:attachment":[{"href":"https:\/\/phenixmaritimecorp.com\/fr\/wp-json\/wp\/v2\/media?parent=1242"}],"curies":[{"name":"wp","href":"https:\/\/api.w.org\/{rel}","templated":true}]}}