{"id":1246,"date":"2021-07-01T10:38:03","date_gmt":"2021-07-01T08:38:03","guid":{"rendered":"https:\/\/phenixmaritimecorp.com\/new\/?page_id=1246"},"modified":"2021-07-01T10:38:03","modified_gmt":"2021-07-01T08:38:03","slug":"offshore-projects","status":"publish","type":"page","link":"https:\/\/phenixmaritimecorp.com\/fr\/offshore-projects\/","title":{"rendered":"PROJETS OFFSHORE"},"content":{"rendered":"<div class=\"vc_row wpb_row vc_row-fluid vc_custom_1625127073806\"><div class=\"wpb_column vc_column_container vc_col-sm-12\"><div class=\"vc_column-inner\"><div class=\"wpb_wrapper\">\n\t<div  class=\"wpb_single_image wpb_content_element vc_align_center\">\n\t\t\n\t\t<figure class=\"wpb_wrapper vc_figure\">\n\t\t\t<div class=\"vc_single_image-wrapper   vc_box_border_grey\"><img loading=\"lazy\" decoding=\"async\" class=\"vc_single_image-img\" src=\"https:\/\/phenixmaritimecorp.com\/wp-content\/uploads\/2021\/07\/8-940x400.jpg\" width=\"940\" height=\"400\" alt=\"8\" title=\"8\" \/><\/div>\n\t\t<\/figure>\n\t<\/div>\n<\/div><\/div><\/div><\/div><div class=\"vc_row wpb_row vc_row-fluid vc_custom_1418308873677\"><div class=\"wpb_column vc_column_container vc_col-sm-12\"><div class=\"vc_column-inner\"><div class=\"wpb_wrapper\"><div class=\"vc_empty_space\"   style=\"height: 10px\"><span class=\"vc_empty_space_inner\"><\/span><\/div>\n\t<div class=\"wpb_text_column wpb_content_element\" >\n\t\t<div class=\"wpb_wrapper\">\n\t\t\t<p style=\"text-align: center;\">Parmi les services de PMC, le domaine des projets de construction &amp; offshore.<br \/>\nPersonne ne bat la fiabilit\u00e9 de PMC en tant que sous-traitant pour un large \u00e9ventail de types de projets marins. PMC a la capacit\u00e9 de r\u00e9aliser des projets marins, offrant une vari\u00e9t\u00e9 de projets sp\u00e9cialis\u00e9s dans ce domaine.<br \/>\nLes sp\u00e9cialistes de notre service technique \u00e9valueront les sp\u00e9cifications uniques de vos projets et d\u00e9velopperont une conception qui r\u00e9pondra pr\u00e9cis\u00e9ment \u00e0 vos besoins.<\/p>\n<p style=\"text-align: center;\">PMC a acquis une excellente r\u00e9putation aupr\u00e8s de ses clients, \u00e9tablissant une base financi\u00e8re stable pour soutenir la croissance continue de l'entreprise.<\/p>\n\n\t\t<\/div>\n\t<\/div>\n<div class=\"vc_empty_space\"   style=\"height: 50px\"><span class=\"vc_empty_space_inner\"><\/span><\/div><\/div><\/div><\/div><\/div>","protected":false},"excerpt":{"rendered":"Among the services of PMC, the field of construction &amp; offshore projects. Nobody beats PMC\u2019s reliability as a subcontractor for a wide range of marine project types.PMC has the ability to carry out marine projects, offering a variety of specialized...","protected":false},"author":1,"featured_media":0,"parent":0,"menu_order":0,"comment_status":"closed","ping_status":"closed","template":"","meta":{"footnotes":""},"class_list":["post-1246","page","type-page","status-publish","hentry"],"_links":{"self":[{"href":"https:\/\/phenixmaritimecorp.com\/fr\/wp-json\/wp\/v2\/pages\/1246","targetHints":{"allow":["GET"]}}],"collection":[{"href":"https:\/\/phenixmaritimecorp.com\/fr\/wp-json\/wp\/v2\/pages"}],"about":[{"href":"https:\/\/phenixmaritimecorp.com\/fr\/wp-json\/wp\/v2\/types\/page"}],"author":[{"embeddable":true,"href":"https:\/\/phenixmaritimecorp.com\/fr\/wp-json\/wp\/v2\/users\/1"}],"replies":[{"embeddable":true,"href":"https:\/\/phenixmaritimecorp.com\/fr\/wp-json\/wp\/v2\/comments?post=1246"}],"version-history":[{"count":1,"href":"https:\/\/phenixmaritimecorp.com\/fr\/wp-json\/wp\/v2\/pages\/1246\/revisions"}],"predecessor-version":[{"id":1247,"href":"https:\/\/phenixmaritimecorp.com\/fr\/wp-json\/wp\/v2\/pages\/1246\/revisions\/1247"}],"wp:attachment":[{"href":"https:\/\/phenixmaritimecorp.com\/fr\/wp-json\/wp\/v2\/media?parent=1246"}],"curies":[{"name":"wp","href":"https:\/\/api.w.org\/{rel}","templated":true}]}}