{"id":1248,"date":"2021-07-01T10:40:30","date_gmt":"2021-07-01T08:40:30","guid":{"rendered":"https:\/\/phenixmaritimecorp.com\/new\/?page_id=1248"},"modified":"2021-07-01T10:40:30","modified_gmt":"2021-07-01T08:40:30","slug":"freight-forwarding","status":"publish","type":"page","link":"https:\/\/phenixmaritimecorp.com\/fr\/freight-forwarding\/","title":{"rendered":"TRANSPORT FRET"},"content":{"rendered":"<div class=\"vc_row wpb_row vc_row-fluid vc_custom_1625127073806\"><div class=\"wpb_column vc_column_container vc_col-sm-12\"><div class=\"vc_column-inner\"><div class=\"wpb_wrapper\">\n\t<div  class=\"wpb_single_image wpb_content_element vc_align_center\">\n\t\t\n\t\t<figure class=\"wpb_wrapper vc_figure\">\n\t\t\t<div class=\"vc_single_image-wrapper   vc_box_border_grey\"><img loading=\"lazy\" decoding=\"async\" class=\"vc_single_image-img\" src=\"https:\/\/phenixmaritimecorp.com\/wp-content\/uploads\/2021\/06\/9-1170x400.jpg\" width=\"1170\" height=\"400\" alt=\"9\" title=\"9\" \/><\/div>\n\t\t<\/figure>\n\t<\/div>\n<\/div><\/div><\/div><\/div><div class=\"vc_row wpb_row vc_row-fluid vc_custom_1418308873677\"><div class=\"wpb_column vc_column_container vc_col-sm-12\"><div class=\"vc_column-inner\"><div class=\"wpb_wrapper\"><div class=\"vc_empty_space\"   style=\"height: 10px\"><span class=\"vc_empty_space_inner\"><\/span><\/div>\n\t<div class=\"wpb_text_column wpb_content_element\" >\n\t\t<div class=\"wpb_wrapper\">\n\t\t\t<p>La division transitaire de PMC vous propose :<\/p>\n<ul>\n<li>Solutions de fret maritime<\/li>\n<li>Gestion du fret a\u00e9rien<\/li>\n<li>Gestion du fret de projet<\/li>\n<li>Services porte-\u00e0-porte<\/li>\n<li>Entreposage et distribution<\/li>\n<\/ul>\n<p>&nbsp;<\/p>\n<p>Entre autres, vous pouvez compter sur nous :<\/p>\n<ul>\n<li>Gestion de la cha\u00eene d'approvisionnement d\u00e9di\u00e9e \u00e0 guichet unique pour tous les projets cl\u00e9s en main<\/li>\n<li>Services logistiques professionnels personnalis\u00e9s pour r\u00e9pondre aux besoins des clients<\/li>\n<li>Services d'exp\u00e9dition de fret professionnels int\u00e9gr\u00e9s de l'Afrique de l'Ouest vers n'importe quel endroit du monde<\/li>\n<li>Syst\u00e8me de travail en tandem avec des partenaires de r\u00e9seau dignes de confiance dans le monde entier<\/li>\n<li>Plus de 25 ans d'expertise et d'exp\u00e9rience \u00e0 notre disposition pour r\u00e9pondre aux besoins de nos clients<\/li>\n<\/ul>\n\n\t\t<\/div>\n\t<\/div>\n<div class=\"vc_empty_space\"   style=\"height: 50px\"><span class=\"vc_empty_space_inner\"><\/span><\/div><\/div><\/div><\/div><\/div>","protected":false},"excerpt":{"rendered":"PMC Freight forwarding division offers : Seafreight Solutions Airfreight Management Project Cargo Management Door-to-Door Services Warehousing and Distribution &nbsp; Among other things you can count on us: Dedicated one-stop supply chain management for all turn-key projects Professional logistics services customized...","protected":false},"author":1,"featured_media":0,"parent":0,"menu_order":0,"comment_status":"closed","ping_status":"closed","template":"","meta":{"footnotes":""},"class_list":["post-1248","page","type-page","status-publish","hentry"],"_links":{"self":[{"href":"https:\/\/phenixmaritimecorp.com\/fr\/wp-json\/wp\/v2\/pages\/1248","targetHints":{"allow":["GET"]}}],"collection":[{"href":"https:\/\/phenixmaritimecorp.com\/fr\/wp-json\/wp\/v2\/pages"}],"about":[{"href":"https:\/\/phenixmaritimecorp.com\/fr\/wp-json\/wp\/v2\/types\/page"}],"author":[{"embeddable":true,"href":"https:\/\/phenixmaritimecorp.com\/fr\/wp-json\/wp\/v2\/users\/1"}],"replies":[{"embeddable":true,"href":"https:\/\/phenixmaritimecorp.com\/fr\/wp-json\/wp\/v2\/comments?post=1248"}],"version-history":[{"count":1,"href":"https:\/\/phenixmaritimecorp.com\/fr\/wp-json\/wp\/v2\/pages\/1248\/revisions"}],"predecessor-version":[{"id":1249,"href":"https:\/\/phenixmaritimecorp.com\/fr\/wp-json\/wp\/v2\/pages\/1248\/revisions\/1249"}],"wp:attachment":[{"href":"https:\/\/phenixmaritimecorp.com\/fr\/wp-json\/wp\/v2\/media?parent=1248"}],"curies":[{"name":"wp","href":"https:\/\/api.w.org\/{rel}","templated":true}]}}