{"id":1343,"date":"2022-05-24T20:53:45","date_gmt":"2022-05-24T18:53:45","guid":{"rendered":"https:\/\/phenixmaritimecorp.com\/?page_id=1343"},"modified":"2024-06-27T20:51:39","modified_gmt":"2024-06-27T18:51:39","slug":"partners","status":"publish","type":"page","link":"https:\/\/phenixmaritimecorp.com\/fr\/partners\/","title":{"rendered":"Partenaires"},"content":{"rendered":"<div class=\"vc_row wpb_row vc_row-fluid vc_custom_1625135523584\"><div class=\"wpb_column vc_column_container vc_col-sm-12\"><div class=\"vc_column-inner\"><div class=\"wpb_wrapper\"><h2 class='heading-middle  divider-lg' ><span>Nos partenaires commerciaux qui nous font confiance<\/span><\/h2>\n\t<div class=\"wpb_text_column wpb_content_element  vc_custom_1653418790977\" >\n\t\t<div class=\"wpb_wrapper\">\n\t\t\t<p style=\"text-align: center;\">D\u00e9couvrez sur cette page la liste de nos partenaires commerciaux qui nous accompagnent et nous font confiance. Voulez-vous travailler avec nous? Vous souhaitez b\u00e9n\u00e9ficier de notre expertise ? N'h\u00e9sitez pas \u00e0 nous contacter. Nous restons \u00e0 votre disposition 24h\/24 par email.<\/p>\n<p>&nbsp;<\/p>\n<div class=\"smls-main-logo-outer-784318966 smls-main-logo-wrapper\">\r\n      <div class=\"smls-grid-container-template-2 smls-grid smls-grid-column-6 smls-tablet-column-3 smls-mobile-column-1  smls-overlay-effect clearfix\">\r\n            <div class=\"smls-grid-image-wrap  smls-overlay-title-center smls-external-link-wrapper main-div-1\" >\r\n       <div class=\"smls-grid-pad-container\">\r\n                <img decoding=\"async\" src=\"https:\/\/phenixmaritimecorp.com\/wp-content\/uploads\/2021\/07\/the-cooperative.png\" alt=\"The Cooperative\">\r\n       <div class=\"smls-overlay-all-wrap\">\r\n                    <div class=\"smls-overlay-title\">\r\n              The Cooperative                <button class=\"smls-open\" data-contact-id=\"div-1\"><\/button>\r\n                            <\/div>\r\n\r\n                      <a class=\"smls-link-style\" href=\"https:\/\/www.thecooperativelogisticsnetwork.com\/\" target=\"_blank\"><span><i class=\"fa fa-link\" aria-hidden=\"true\"><\/i><\/span><\/a>\r\n                <\/div>\r\n      <div class=\"smls-overlay-wrap\"><\/div>\r\n        <\/div>\r\n<\/div>\r\n<div class=\"popup-contact contact-div-1\" id=\"contact-div-1\">\r\n  <div class=\"smls-overlay-contact-info\">\r\n\r\n    <!--Creates the popup content-->\r\n    \r\n\r\n    <!--Content shown when popup is not displayed-->\r\n\r\n\r\n  <\/div>\r\n<\/div>\r\n       <div class=\"smls-grid-image-wrap  main-div-2\" >\r\n       <div class=\"smls-grid-pad-container\">\r\n                <img decoding=\"async\" src=\"https:\/\/phenixmaritimecorp.com\/wp-content\/uploads\/2021\/07\/cargil.jpg\" alt=\"Cargill\">\r\n       <div class=\"smls-overlay-all-wrap\">\r\n                    <div class=\"smls-overlay-title\">\r\n              Cargill                <button class=\"smls-open\" data-contact-id=\"div-2\"><\/button>\r\n                            <\/div>\r\n\r\n                  <\/div>\r\n      <div class=\"smls-overlay-wrap\"><\/div>\r\n        <\/div>\r\n<\/div>\r\n<div class=\"popup-contact contact-div-2\" id=\"contact-div-2\">\r\n  <div class=\"smls-overlay-contact-info\">\r\n\r\n    <!--Creates the popup content-->\r\n    \r\n\r\n    <!--Content shown when popup is not displayed-->\r\n\r\n\r\n  <\/div>\r\n<\/div>\r\n       <div class=\"smls-grid-image-wrap  main-div-3\" >\r\n       <div class=\"smls-grid-pad-container\">\r\n                <img decoding=\"async\" src=\"https:\/\/phenixmaritimecorp.com\/wp-content\/uploads\/2021\/07\/fiata.jpg\" alt=\"Fiata\">\r\n       <div class=\"smls-overlay-all-wrap\">\r\n                    <div class=\"smls-overlay-title\">\r\n              Fiata                <button class=\"smls-open\" data-contact-id=\"div-3\"><\/button>\r\n                            <\/div>\r\n\r\n                  <\/div>\r\n      <div class=\"smls-overlay-wrap\"><\/div>\r\n        <\/div>\r\n<\/div>\r\n<div class=\"popup-contact contact-div-3\" id=\"contact-div-3\">\r\n  <div class=\"smls-overlay-contact-info\">\r\n\r\n    <!--Creates the popup content-->\r\n    \r\n\r\n    <!--Content shown when popup is not displayed-->\r\n\r\n\r\n  <\/div>\r\n<\/div>\r\n       <div class=\"smls-grid-image-wrap  smls-overlay-title-center smls-external-link-wrapper main-div-4\" >\r\n       <div class=\"smls-grid-pad-container\">\r\n                <img decoding=\"async\" src=\"https:\/\/phenixmaritimecorp.com\/wp-content\/uploads\/2021\/07\/logo-marinetrans.png\" alt=\"Marinetrans\">\r\n       <div class=\"smls-overlay-all-wrap\">\r\n                    <div class=\"smls-overlay-title\">\r\n              Marinetrans                <button class=\"smls-open\" data-contact-id=\"div-4\"><\/button>\r\n                            <\/div>\r\n\r\n                      <a class=\"smls-link-style\" href=\"https:\/\/marinetrans.com\/\" target=\"_blank\"><span><i class=\"fa fa-link\" aria-hidden=\"true\"><\/i><\/span><\/a>\r\n                <\/div>\r\n      <div class=\"smls-overlay-wrap\"><\/div>\r\n        <\/div>\r\n<\/div>\r\n<div class=\"popup-contact contact-div-4\" id=\"contact-div-4\">\r\n  <div class=\"smls-overlay-contact-info\">\r\n\r\n    <!--Creates the popup content-->\r\n    \r\n\r\n    <!--Content shown when popup is not displayed-->\r\n\r\n\r\n  <\/div>\r\n<\/div>\r\n       <div class=\"smls-grid-image-wrap  main-div-5\" >\r\n       <div class=\"smls-grid-pad-container\">\r\n                <img decoding=\"async\" src=\"https:\/\/phenixmaritimecorp.com\/wp-content\/uploads\/2021\/07\/Gold-Bridge.png\" alt=\"\">\r\n       <div class=\"smls-overlay-all-wrap\">\r\n              <\/div>\r\n      <div class=\"smls-overlay-wrap\"><\/div>\r\n        <\/div>\r\n<\/div>\r\n<div class=\"popup-contact contact-div-5\" id=\"contact-div-5\">\r\n  <div class=\"smls-overlay-contact-info\">\r\n\r\n    <!--Creates the popup content-->\r\n    \r\n\r\n    <!--Content shown when popup is not displayed-->\r\n\r\n\r\n  <\/div>\r\n<\/div>\r\n       <div class=\"smls-grid-image-wrap  main-div-6\" >\r\n       <div class=\"smls-grid-pad-container\">\r\n                <img decoding=\"async\" src=\"https:\/\/phenixmaritimecorp.com\/wp-content\/uploads\/2021\/07\/MM.png\" alt=\"\">\r\n       <div class=\"smls-overlay-all-wrap\">\r\n              <\/div>\r\n      <div class=\"smls-overlay-wrap\"><\/div>\r\n        <\/div>\r\n<\/div>\r\n<div class=\"popup-contact contact-div-6\" id=\"contact-div-6\">\r\n  <div class=\"smls-overlay-contact-info\">\r\n\r\n    <!--Creates the popup content-->\r\n    \r\n\r\n    <!--Content shown when popup is not displayed-->\r\n\r\n\r\n  <\/div>\r\n<\/div>\r\n       <div class=\"smls-grid-image-wrap  main-div-7\" >\r\n       <div class=\"smls-grid-pad-container\">\r\n                <img decoding=\"async\" src=\"https:\/\/phenixmaritimecorp.com\/wp-content\/uploads\/2021\/07\/agl.png\" alt=\"\">\r\n       <div class=\"smls-overlay-all-wrap\">\r\n              <\/div>\r\n      <div class=\"smls-overlay-wrap\"><\/div>\r\n        <\/div>\r\n<\/div>\r\n<div class=\"popup-contact contact-div-7\" id=\"contact-div-7\">\r\n  <div class=\"smls-overlay-contact-info\">\r\n\r\n    <!--Creates the popup content-->\r\n    \r\n\r\n    <!--Content shown when popup is not displayed-->\r\n\r\n\r\n  <\/div>\r\n<\/div>\r\n       <div class=\"smls-grid-image-wrap  main-div-8\" >\r\n       <div class=\"smls-grid-pad-container\">\r\n                <img decoding=\"async\" src=\"https:\/\/phenixmaritimecorp.com\/wp-content\/uploads\/2021\/07\/Logenix.png\" alt=\"\">\r\n       <div class=\"smls-overlay-all-wrap\">\r\n              <\/div>\r\n      <div class=\"smls-overlay-wrap\"><\/div>\r\n        <\/div>\r\n<\/div>\r\n<div class=\"popup-contact contact-div-8\" id=\"contact-div-8\">\r\n  <div class=\"smls-overlay-contact-info\">\r\n\r\n    <!--Creates the popup content-->\r\n    \r\n\r\n    <!--Content shown when popup is not displayed-->\r\n\r\n\r\n  <\/div>\r\n<\/div>\r\n       <div class=\"smls-grid-image-wrap  main-div-9\" >\r\n       <div class=\"smls-grid-pad-container\">\r\n                <img decoding=\"async\" src=\"https:\/\/phenixmaritimecorp.com\/wp-content\/uploads\/2021\/07\/Links.png\" alt=\"\">\r\n       <div class=\"smls-overlay-all-wrap\">\r\n              <\/div>\r\n      <div class=\"smls-overlay-wrap\"><\/div>\r\n        <\/div>\r\n<\/div>\r\n<div class=\"popup-contact contact-div-9\" id=\"contact-div-9\">\r\n  <div class=\"smls-overlay-contact-info\">\r\n\r\n    <!--Creates the popup content-->\r\n    \r\n\r\n    <!--Content shown when popup is not displayed-->\r\n\r\n\r\n  <\/div>\r\n<\/div>\r\n       <div class=\"smls-grid-image-wrap  main-div-10\" >\r\n       <div class=\"smls-grid-pad-container\">\r\n                <img decoding=\"async\" src=\"https:\/\/phenixmaritimecorp.com\/wp-content\/uploads\/2021\/07\/Capture.png\" alt=\"\">\r\n       <div class=\"smls-overlay-all-wrap\">\r\n              <\/div>\r\n      <div class=\"smls-overlay-wrap\"><\/div>\r\n        <\/div>\r\n<\/div>\r\n<div class=\"popup-contact contact-div-10\" id=\"contact-div-10\">\r\n  <div class=\"smls-overlay-contact-info\">\r\n\r\n    <!--Creates the popup content-->\r\n    \r\n\r\n    <!--Content shown when popup is not displayed-->\r\n\r\n\r\n  <\/div>\r\n<\/div>\r\n       <div class=\"smls-grid-image-wrap  main-div-11\" >\r\n       <div class=\"smls-grid-pad-container\">\r\n                <img decoding=\"async\" src=\"https:\/\/phenixmaritimecorp.com\/wp-content\/uploads\/2021\/07\/Capture-1.png\" alt=\"\">\r\n       <div class=\"smls-overlay-all-wrap\">\r\n              <\/div>\r\n      <div class=\"smls-overlay-wrap\"><\/div>\r\n        <\/div>\r\n<\/div>\r\n<div class=\"popup-contact contact-div-11\" id=\"contact-div-11\">\r\n  <div class=\"smls-overlay-contact-info\">\r\n\r\n    <!--Creates the popup content-->\r\n    \r\n\r\n    <!--Content shown when popup is not displayed-->\r\n\r\n\r\n  <\/div>\r\n<\/div>\r\n       <div class=\"smls-grid-image-wrap  main-div-12\" >\r\n       <div class=\"smls-grid-pad-container\">\r\n                <img decoding=\"async\" src=\"https:\/\/phenixmaritimecorp.com\/wp-content\/uploads\/2021\/07\/Capture-2.png\" alt=\"\">\r\n       <div class=\"smls-overlay-all-wrap\">\r\n              <\/div>\r\n      <div class=\"smls-overlay-wrap\"><\/div>\r\n        <\/div>\r\n<\/div>\r\n<div class=\"popup-contact contact-div-12\" id=\"contact-div-12\">\r\n  <div class=\"smls-overlay-contact-info\">\r\n\r\n    <!--Creates the popup content-->\r\n    \r\n\r\n    <!--Content shown when popup is not displayed-->\r\n\r\n\r\n  <\/div>\r\n<\/div>\r\n       <div class=\"smls-grid-image-wrap  main-div-13\" >\r\n       <div class=\"smls-grid-pad-container\">\r\n                <img decoding=\"async\" src=\"https:\/\/phenixmaritimecorp.com\/wp-content\/uploads\/2021\/07\/Capture-3.png\" alt=\"\">\r\n       <div class=\"smls-overlay-all-wrap\">\r\n              <\/div>\r\n      <div class=\"smls-overlay-wrap\"><\/div>\r\n        <\/div>\r\n<\/div>\r\n<div class=\"popup-contact contact-div-13\" id=\"contact-div-13\">\r\n  <div class=\"smls-overlay-contact-info\">\r\n\r\n    <!--Creates the popup content-->\r\n    \r\n\r\n    <!--Content shown when popup is not displayed-->\r\n\r\n\r\n  <\/div>\r\n<\/div>\r\n       <div class=\"smls-grid-image-wrap  smls-overlay-title-center smls-external-link-wrapper main-div-14\" >\r\n       <div class=\"smls-grid-pad-container\">\r\n                <img decoding=\"async\" src=\"https:\/\/phenixmaritimecorp.com\/wp-content\/uploads\/2021\/07\/logisl_c.png\" alt=\"LOGISALL\">\r\n       <div class=\"smls-overlay-all-wrap\">\r\n                    <div class=\"smls-overlay-title\">\r\n              LOGISALL                <button class=\"smls-open\" data-contact-id=\"div-14\"><\/button>\r\n                            <\/div>\r\n\r\n                      <a class=\"smls-link-style\" href=\"https:\/\/www.logisall.com\/en\/index.asp\" target=\"_blank\"><span><i class=\"fa fa-link\" aria-hidden=\"true\"><\/i><\/span><\/a>\r\n                <\/div>\r\n      <div class=\"smls-overlay-wrap\"><\/div>\r\n        <\/div>\r\n<\/div>\r\n<div class=\"popup-contact contact-div-14\" id=\"contact-div-14\">\r\n  <div class=\"smls-overlay-contact-info\">\r\n\r\n    <!--Creates the popup content-->\r\n    \r\n\r\n    <!--Content shown when popup is not displayed-->\r\n\r\n\r\n  <\/div>\r\n<\/div>\r\n       <div class=\"smls-grid-image-wrap  smls-overlay-title-center smls-external-link-wrapper main-div-15\" >\r\n       <div class=\"smls-grid-pad-container\">\r\n                <img decoding=\"async\" src=\"https:\/\/phenixmaritimecorp.com\/wp-content\/uploads\/2021\/07\/logo-ECL.png\" alt=\"\">\r\n       <div class=\"smls-overlay-all-wrap\">\r\n                  <a class=\"smls-link-style\" href=\"http:\/\/eclkorea.co.kr\/\" target=\"_blank\"><span><i class=\"fa fa-link\" aria-hidden=\"true\"><\/i><\/span><\/a>\r\n                <\/div>\r\n      <div class=\"smls-overlay-wrap\"><\/div>\r\n        <\/div>\r\n<\/div>\r\n<div class=\"popup-contact contact-div-15\" id=\"contact-div-15\">\r\n  <div class=\"smls-overlay-contact-info\">\r\n\r\n    <!--Creates the popup content-->\r\n    \r\n\r\n    <!--Content shown when popup is not displayed-->\r\n\r\n\r\n  <\/div>\r\n<\/div>\r\n          <\/div>\r\n          <style type=\"text\/css\">\r\n            .popup-contact .smls-overlay-contact-info {\r\n              display: none;\r\n            }\r\n            .popup-contact .smls-overlay-contact-info.active {\r\n              display: block;\r\n              position: fixed;\r\n              width: 30%;\r\n              height: 37%;\r\n              background: #000000a6;\r\n              color: #fff;\r\n              left: 30%;\r\n              right: 0;\r\n              top: 30%;\r\n              z-index: 999;\r\n              text-align: center;\r\n            }\r\n            .popup-contact .smls-overlay-contact-info.active .smls-popup-open {\r\n              display: none;\r\n            }\r\n            .popup-contact .smls-overlay-contact-info.active .popup-content {\r\n              visibility: visible;\r\n              \r\n            }\r\n            .popup-content h4, .popup-content h5 {\r\n              color: #FFF;\r\n            }\r\n\r\n\r\n          <\/style>\r\n            <\/div>\r\n  <style>\n    .smls-main-logo-outer-784318966.smls-main-logo-wrapper {\n        width: 100%;\n        margin:0 auto;\n    }\n    .smls-main-logo-outer-784318966 .smls-grid-container-template-1 .smls-grid-each-item:before,\n    .smls-main-logo-outer-784318966 .smls-grid-container-template-1 .smls-grid-image-wrap:before,\n    .smls-main-logo-outer-784318966 .smls-grid-container-template-2 .smls-grid-each-item:before,\n    .smls-main-logo-outer-784318966 .smls-grid-container-template-2 .smls-grid-image-wrap:before {\n\n        border-left: 1px solid #e9e9e9;\n    }\n    .smls-main-logo-outer-784318966 .smls-grid-container-template-1 .smls-grid-each-item:after,\n    .smls-main-logo-outer-784318966 .smls-grid-container-template-1 .smls-grid-image-wrap:after,\n    .smls-main-logo-outer-784318966 .smls-grid-container-template-2 .smls-grid-each-item:after,\n    .smls-main-logo-outer-784318966 .smls-grid-container-template-2 .smls-grid-image-wrap:after {\n        border-bottom: 1px solid #e9e9e9;\n    }\n    .smls-main-logo-outer-784318966 .smls-grid-container-template-2 {\n        border: 1px solid #e9e9e9;\n    }\n\n    .smls-main-logo-outer-784318966 .smls-carousel-pager-template-2.owl-theme .owl-dots .owl-dot span:before\n    {\n        background-color:  #0d98dc;\n\n    }\n    .smls-main-logo-outer-784318966 .smls-carousel-pager-template-2.owl-theme .owl-dots .owl-dot span {\n        background:  #7c7c7c;\n    }\n\n    .smls-main-logo-outer-784318966 .smls-carousel-arrow-type-1.owl-theme .owl-controls .owl-nav [class*=owl-]:hover {\n        background-color: rgba(71, 71, 71, 0.7);\n    }\n    .smls-main-logo-outer-784318966 .smls-carousel-arrow-type-1.owl-theme .owl-controls .owl-nav [class*=owl-] {\n        background-color: #474747;\n    }\n    .smls-main-logo-outer-784318966 .smls-carousel-arrow-type-2.owl-theme .owl-controls .owl-nav [class*=owl-] {\n        background-color:  #474747;\n    }\n    .smls-main-logo-outer-784318966 .smls-carousel-arrow-type-2.owl-theme .owl-controls .owl-nav [class*=owl-]:hover {\n        background-color: rgba(71, 71, 71, 0.7);\n    }\n    .smls-main-logo-outer-784318966 .smls-carousel-arrow-type-3.owl-theme .owl-controls .owl-nav [class*=owl-] {\n        border: 2px solid #474747;\n\n    }\n    .smls-main-logo-outer-784318966 .smls-carousel-arrow-type-3.owl-theme .owl-controls .owl-nav [class*=owl-]:before {\n        background-color: rgba(71, 71, 71, 0.7);\n    }\n    .smls-main-logo-outer-784318966 .smls-carousel-arrow-type-3.owl-theme .owl-controls .owl-nav [class*=owl-]:hover {\n        border-color: rgba(71, 71, 71, 0.7);\n    }\n    .smls-main-logo-outer-784318966 .smls-carousel-arrow-type-4.owl-theme .owl-controls .owl-nav [class*=owl-] {\n        border: 2px solid #474747;\n        color: #474747;\n    }\n    .smls-main-logo-outer-784318966 .smls-carousel-arrow-type-4.owl-carousel .owl-controls .owl-nav [class*=owl-]:hover {\n        background-color: rgba(71, 71, 71, 0.7);\n        color: #333333;\n    }\n    .smls-main-logo-outer-784318966 .smls-carousel-arrow-type-5.owl-theme .owl-controls .owl-nav [class*=owl-] {\n        background-color:  #474747;\n\n    }\n\n    .smls-main-logo-outer-784318966 .smls-carousel-template-2.owl-carousel .smls-carousel-four-items {\n        border: 1px solid  #eee;\n    }\n\n<\/style>\n\n\t\t<\/div>\n\t<\/div>\n<\/div><\/div><\/div><\/div>","protected":false},"excerpt":{"rendered":"Ours commercial partners that trust us Discover on this page the list of our commercial partners who accompany us and trust us. Do you want to work with us? Would you like to benefit from our expertise? Do not hesitate...","protected":false},"author":1,"featured_media":0,"parent":0,"menu_order":0,"comment_status":"closed","ping_status":"closed","template":"","meta":{"footnotes":""},"class_list":["post-1343","page","type-page","status-publish","hentry"],"_links":{"self":[{"href":"https:\/\/phenixmaritimecorp.com\/fr\/wp-json\/wp\/v2\/pages\/1343","targetHints":{"allow":["GET"]}}],"collection":[{"href":"https:\/\/phenixmaritimecorp.com\/fr\/wp-json\/wp\/v2\/pages"}],"about":[{"href":"https:\/\/phenixmaritimecorp.com\/fr\/wp-json\/wp\/v2\/types\/page"}],"author":[{"embeddable":true,"href":"https:\/\/phenixmaritimecorp.com\/fr\/wp-json\/wp\/v2\/users\/1"}],"replies":[{"embeddable":true,"href":"https:\/\/phenixmaritimecorp.com\/fr\/wp-json\/wp\/v2\/comments?post=1343"}],"version-history":[{"count":4,"href":"https:\/\/phenixmaritimecorp.com\/fr\/wp-json\/wp\/v2\/pages\/1343\/revisions"}],"predecessor-version":[{"id":1349,"href":"https:\/\/phenixmaritimecorp.com\/fr\/wp-json\/wp\/v2\/pages\/1343\/revisions\/1349"}],"wp:attachment":[{"href":"https:\/\/phenixmaritimecorp.com\/fr\/wp-json\/wp\/v2\/media?parent=1343"}],"curies":[{"name":"wp","href":"https:\/\/api.w.org\/{rel}","templated":true}]}}