{"id":1485,"date":"2024-06-27T21:22:30","date_gmt":"2024-06-27T19:22:30","guid":{"rendered":"https:\/\/phenixmaritimecorp.com\/?page_id=1485"},"modified":"2024-06-27T21:31:31","modified_gmt":"2024-06-27T19:31:31","slug":"metal-box-import","status":"publish","type":"page","link":"https:\/\/phenixmaritimecorp.com\/fr\/metal-box-import\/","title":{"rendered":"IMPORTATIONS DE BOITES METALLIQUES"},"content":{"rendered":"<div class=\"vc_row wpb_row vc_row-fluid vc_custom_1625127073806\"><div class=\"wpb_column vc_column_container vc_col-sm-12\"><div class=\"vc_column-inner\"><div class=\"wpb_wrapper\">\n\t<div  class=\"wpb_single_image wpb_content_element vc_align_center\">\n\t\t\n\t\t<figure class=\"wpb_wrapper vc_figure\">\n\t\t\t<div class=\"vc_single_image-wrapper   vc_box_border_grey\"><img loading=\"lazy\" decoding=\"async\" class=\"vc_single_image-img\" src=\"https:\/\/phenixmaritimecorp.com\/wp-content\/uploads\/2024\/06\/Metal-box-import-8-1000x400.jpg\" width=\"1000\" height=\"400\" alt=\"Metal box import 8\" title=\"Metal box import 8\" \/><\/div>\n\t\t<\/figure>\n\t<\/div>\n<\/div><\/div><\/div><\/div><div class=\"vc_row wpb_row vc_row-fluid vc_custom_1418308873677\"><div class=\"wpb_column vc_column_container vc_col-sm-12\"><div class=\"vc_column-inner\"><div class=\"wpb_wrapper\"><div class=\"vc_empty_space\"   style=\"height: 10px\"><span class=\"vc_empty_space_inner\"><\/span><\/div>\n\t<div class=\"wpb_text_column wpb_content_element\" >\n\t\t<div class=\"wpb_wrapper\">\n\t\t\t<p>Vous cherchez des solutions d'emballage robustes et rentables pour votre entreprise?<\/p>\n<p>PMC est votre partenaire pour importer des bo\u00eetes en m\u00e9tal de haute qualit\u00e9. Nous offrons une large gamme de tailles, de formes et de finitions pour r\u00e9pondre \u00e0 tous vos besoins d'emballage.<\/p>\n<p data-sourcepos=\"17:1-17:117\"><strong>PMC Metal Box Import est le partenaire id\u00e9al pour les entreprises \u00e0 la recherche de solutions d'emballage fiables et rentables.<\/strong><\/p>\n<p data-sourcepos=\"19:1-19:38\"><strong>Contactez-nous aujourd'hui pour un devis gratuit!<\/strong><\/p>\n\n\t\t<\/div>\n\t<\/div>\n<div class=\"vc_empty_space\"   style=\"height: 50px\"><span class=\"vc_empty_space_inner\"><\/span><\/div><\/div><\/div><\/div><\/div><div class=\"vc_row wpb_row vc_row-fluid vc_custom_1418308873677\"><div class=\"wpb_column vc_column_container vc_col-sm-12\"><div class=\"vc_column-inner\"><div class=\"wpb_wrapper\"><div class=\"vc_empty_space\"   style=\"height: 10px\"><span class=\"vc_empty_space_inner\"><\/span><\/div><div class=\"wpb_gallery wpb_content_element vc_clearfix\" ><div class=\"wpb_wrapper\"><div class=\"wpb_gallery_slides wpb_image_grid\" data-interval=\"3\"><ul class=\"wpb_image_grid_ul\"><li class=\"isotope-item\"><a class=\"\" href=\"https:\/\/phenixmaritimecorp.com\/wp-content\/uploads\/2024\/06\/Metal-box-import-5.jpg\" data-lightbox=\"lightbox[rel-1485-1375383724]\"><img loading=\"lazy\" decoding=\"async\" width=\"150\" height=\"150\" src=\"https:\/\/phenixmaritimecorp.com\/wp-content\/uploads\/2024\/06\/Metal-box-import-5-150x150.jpg\" class=\"attachment-thumbnail\" alt=\"\" \/><\/a><\/li><li class=\"isotope-item\"><a class=\"\" href=\"https:\/\/phenixmaritimecorp.com\/wp-content\/uploads\/2024\/06\/Metal-box-import-4-768x1024.jpg\" data-lightbox=\"lightbox[rel-1485-1375383724]\"><img loading=\"lazy\" decoding=\"async\" width=\"150\" height=\"150\" src=\"https:\/\/phenixmaritimecorp.com\/wp-content\/uploads\/2024\/06\/Metal-box-import-4-150x150.jpg\" class=\"attachment-thumbnail\" alt=\"\" \/><\/a><\/li><li class=\"isotope-item\"><a class=\"\" href=\"https:\/\/phenixmaritimecorp.com\/wp-content\/uploads\/2024\/06\/Metal-box-import-3.jpg\" data-lightbox=\"lightbox[rel-1485-1375383724]\"><img loading=\"lazy\" decoding=\"async\" width=\"150\" height=\"150\" src=\"https:\/\/phenixmaritimecorp.com\/wp-content\/uploads\/2024\/06\/Metal-box-import-3-150x150.jpg\" class=\"attachment-thumbnail\" alt=\"\" \/><\/a><\/li><li class=\"isotope-item\"><a class=\"\" href=\"https:\/\/phenixmaritimecorp.com\/wp-content\/uploads\/2024\/06\/Metal-box-import-2.jpg\" data-lightbox=\"lightbox[rel-1485-1375383724]\"><img loading=\"lazy\" decoding=\"async\" width=\"150\" height=\"150\" src=\"https:\/\/phenixmaritimecorp.com\/wp-content\/uploads\/2024\/06\/Metal-box-import-2-150x150.jpg\" class=\"attachment-thumbnail\" alt=\"\" \/><\/a><\/li><li class=\"isotope-item\"><a class=\"\" href=\"https:\/\/phenixmaritimecorp.com\/wp-content\/uploads\/2024\/06\/Metal-box-import-1.jpg\" data-lightbox=\"lightbox[rel-1485-1375383724]\"><img loading=\"lazy\" decoding=\"async\" width=\"150\" height=\"150\" src=\"https:\/\/phenixmaritimecorp.com\/wp-content\/uploads\/2024\/06\/Metal-box-import-1-150x150.jpg\" class=\"attachment-thumbnail\" alt=\"\" \/><\/a><\/li><li class=\"isotope-item\"><a class=\"\" href=\"https:\/\/phenixmaritimecorp.com\/wp-content\/uploads\/2024\/06\/Metal-box-import-10.jpg\" data-lightbox=\"lightbox[rel-1485-1375383724]\"><img loading=\"lazy\" decoding=\"async\" width=\"150\" height=\"150\" src=\"https:\/\/phenixmaritimecorp.com\/wp-content\/uploads\/2024\/06\/Metal-box-import-10-150x150.jpg\" class=\"attachment-thumbnail\" alt=\"\" \/><\/a><\/li><li class=\"isotope-item\"><a class=\"\" href=\"https:\/\/phenixmaritimecorp.com\/wp-content\/uploads\/2024\/06\/Metal-box-import-9.jpg\" data-lightbox=\"lightbox[rel-1485-1375383724]\"><img loading=\"lazy\" decoding=\"async\" width=\"150\" height=\"150\" src=\"https:\/\/phenixmaritimecorp.com\/wp-content\/uploads\/2024\/06\/Metal-box-import-9-150x150.jpg\" class=\"attachment-thumbnail\" alt=\"\" \/><\/a><\/li><li class=\"isotope-item\"><a class=\"\" href=\"https:\/\/phenixmaritimecorp.com\/wp-content\/uploads\/2024\/06\/Metal-box-import-7.jpg\" data-lightbox=\"lightbox[rel-1485-1375383724]\"><img loading=\"lazy\" decoding=\"async\" width=\"150\" height=\"150\" src=\"https:\/\/phenixmaritimecorp.com\/wp-content\/uploads\/2024\/06\/Metal-box-import-7-150x150.jpg\" class=\"attachment-thumbnail\" alt=\"\" \/><\/a><\/li><li class=\"isotope-item\"><a class=\"\" href=\"https:\/\/phenixmaritimecorp.com\/wp-content\/uploads\/2024\/06\/Metal-box-import-6.jpg\" data-lightbox=\"lightbox[rel-1485-1375383724]\"><img loading=\"lazy\" decoding=\"async\" width=\"150\" height=\"150\" src=\"https:\/\/phenixmaritimecorp.com\/wp-content\/uploads\/2024\/06\/Metal-box-import-6-150x150.jpg\" class=\"attachment-thumbnail\" alt=\"\" \/><\/a><\/li><\/ul><\/div><\/div><\/div><div class=\"vc_empty_space\"   style=\"height: 50px\"><span class=\"vc_empty_space_inner\"><\/span><\/div><\/div><\/div><\/div><\/div>","protected":false},"excerpt":{"rendered":"Looking for robust and cost-effective packaging solutions for your business? PMC is your partner for importing high-quality metal boxes. We offer a wide range of sizes, shapes, and finishes to meet all your packaging needs. PMC Metal Box Import is...","protected":false},"author":1,"featured_media":0,"parent":0,"menu_order":0,"comment_status":"closed","ping_status":"closed","template":"","meta":{"footnotes":""},"class_list":["post-1485","page","type-page","status-publish","hentry"],"_links":{"self":[{"href":"https:\/\/phenixmaritimecorp.com\/fr\/wp-json\/wp\/v2\/pages\/1485","targetHints":{"allow":["GET"]}}],"collection":[{"href":"https:\/\/phenixmaritimecorp.com\/fr\/wp-json\/wp\/v2\/pages"}],"about":[{"href":"https:\/\/phenixmaritimecorp.com\/fr\/wp-json\/wp\/v2\/types\/page"}],"author":[{"embeddable":true,"href":"https:\/\/phenixmaritimecorp.com\/fr\/wp-json\/wp\/v2\/users\/1"}],"replies":[{"embeddable":true,"href":"https:\/\/phenixmaritimecorp.com\/fr\/wp-json\/wp\/v2\/comments?post=1485"}],"version-history":[{"count":4,"href":"https:\/\/phenixmaritimecorp.com\/fr\/wp-json\/wp\/v2\/pages\/1485\/revisions"}],"predecessor-version":[{"id":1499,"href":"https:\/\/phenixmaritimecorp.com\/fr\/wp-json\/wp\/v2\/pages\/1485\/revisions\/1499"}],"wp:attachment":[{"href":"https:\/\/phenixmaritimecorp.com\/fr\/wp-json\/wp\/v2\/media?parent=1485"}],"curies":[{"name":"wp","href":"https:\/\/api.w.org\/{rel}","templated":true}]}}