{"id":256,"date":"2014-12-10T07:18:12","date_gmt":"2014-12-10T07:18:12","guid":{"rendered":"http:\/\/anpsthemes.com\/constructo\/?page_id=256"},"modified":"2021-07-01T10:23:57","modified_gmt":"2021-07-01T08:23:57","slug":"shipping-agency","status":"publish","type":"page","link":"https:\/\/phenixmaritimecorp.com\/fr\/shipping-agency\/","title":{"rendered":"AGENCE DE TRANSPORT MARITIME"},"content":{"rendered":"<div class=\"vc_row wpb_row vc_row-fluid vc_custom_1625127073806\"><div class=\"wpb_column vc_column_container vc_col-sm-12\"><div class=\"vc_column-inner\"><div class=\"wpb_wrapper\">\n\t<div  class=\"wpb_single_image wpb_content_element vc_align_center\">\n\t\t\n\t\t<figure class=\"wpb_wrapper vc_figure\">\n\t\t\t<div class=\"vc_single_image-wrapper   vc_box_border_grey\"><img loading=\"lazy\" decoding=\"async\" class=\"vc_single_image-img\" src=\"https:\/\/phenixmaritimecorp.com\/wp-content\/uploads\/2021\/07\/2-800x400.jpg\" width=\"800\" height=\"400\" alt=\"2\" title=\"2\" \/><\/div>\n\t\t<\/figure>\n\t<\/div>\n<\/div><\/div><\/div><\/div><div class=\"vc_row wpb_row vc_row-fluid vc_custom_1418308873677\"><div class=\"wpb_column vc_column_container vc_col-sm-12\"><div class=\"vc_column-inner\"><div class=\"wpb_wrapper\"><div class=\"vc_empty_space\"   style=\"height: 10px\"><span class=\"vc_empty_space_inner\"><\/span><\/div>\n\t<div class=\"wpb_text_column wpb_content_element\" >\n\t\t<div class=\"wpb_wrapper\">\n\t\t\t<p style=\"text-align: center;\">Fournissant des services complets d'agence, de mariage et d'agence de protection au port d'Abidjan et \u00e0 San Pedro signifie que vous pouvez toujours avoir un agent maritime PMC qui s'occupe de vos int\u00e9r\u00eats, o\u00f9 que vous soyez lorsque vous faites escale au port d'Abidjan et \u00e0 San Pedro.<\/p>\n<p style=\"text-align: center;\">Associant en temps r\u00e9el, sur le terrain, les connaissances et l'expertise locales \u00e0 nos normes op\u00e9rationnelles strictes, qu'il s'agisse de votre navire, de votre \u00e9quipage, de votre cargaison ou de votre argent, vous pouvez compter sur nous pour rendre vos escales aussi efficaces que possible. Nous utilisons notre expertise pour vous faciliter la vie au quotidien.<\/p>\n<p style=\"text-align: center;\">Nous proposons une agence de protection \u00e0 la fois pour les armateurs (OPA) et les affr\u00e9teurs\/cargo (CPA) pour superviser l'agent de la contrepartie tout au long de l'escale.<\/p>\n\n\t\t<\/div>\n\t<\/div>\n<div class=\"vc_empty_space\"   style=\"height: 50px\"><span class=\"vc_empty_space_inner\"><\/span><\/div><\/div><\/div><\/div><\/div>","protected":false},"excerpt":{"rendered":"Providing full agency, husbandry and protective agency services in Port of Abidjan and San Pedro means you can always have a PMC \u00a0ships agent taking care of your interests, wherever whenever you call at Abidjan Port and San Pedro. Matching...","protected":false},"author":1,"featured_media":0,"parent":0,"menu_order":0,"comment_status":"closed","ping_status":"closed","template":"","meta":{"footnotes":""},"class_list":["post-256","page","type-page","status-publish","hentry"],"_links":{"self":[{"href":"https:\/\/phenixmaritimecorp.com\/fr\/wp-json\/wp\/v2\/pages\/256","targetHints":{"allow":["GET"]}}],"collection":[{"href":"https:\/\/phenixmaritimecorp.com\/fr\/wp-json\/wp\/v2\/pages"}],"about":[{"href":"https:\/\/phenixmaritimecorp.com\/fr\/wp-json\/wp\/v2\/types\/page"}],"author":[{"embeddable":true,"href":"https:\/\/phenixmaritimecorp.com\/fr\/wp-json\/wp\/v2\/users\/1"}],"replies":[{"embeddable":true,"href":"https:\/\/phenixmaritimecorp.com\/fr\/wp-json\/wp\/v2\/comments?post=256"}],"version-history":[{"count":5,"href":"https:\/\/phenixmaritimecorp.com\/fr\/wp-json\/wp\/v2\/pages\/256\/revisions"}],"predecessor-version":[{"id":1231,"href":"https:\/\/phenixmaritimecorp.com\/fr\/wp-json\/wp\/v2\/pages\/256\/revisions\/1231"}],"wp:attachment":[{"href":"https:\/\/phenixmaritimecorp.com\/fr\/wp-json\/wp\/v2\/media?parent=256"}],"curies":[{"name":"wp","href":"https:\/\/api.w.org\/{rel}","templated":true}]}}